{"id":2519,"date":"2021-11-21T21:13:30","date_gmt":"2021-11-21T20:13:30","guid":{"rendered":"https:\/\/ini.gedenkort-kz-uckermark.de\/material\/filme-und-podcasts\/"},"modified":"2025-09-05T11:40:24","modified_gmt":"2025-09-05T09:40:24","slug":"filme-und-podcasts","status":"publish","type":"page","link":"https:\/\/gedenkort-kz-uckermark.de\/en\/material\/filme-und-podcasts\/","title":{"rendered":"Filme und Podcasts"},"content":{"rendered":"\n<h2 class=\"wp-block-heading\">Filme und Podcasts<\/h2>\n\n\n\n<h3 class=\"wp-block-heading\">Podcast bei Radio Corax (Halle): Wie sieht feministisches Gedenken aus? <\/h3>\n\n\n\n<p>&#8220;An wen wird wie erinnert \u2013 und wo? Was kann feministisches Gedenken bedeuten?&#8221; Dar\u00fcber sprachen Menschen von Radio Corax aus Halle auf den Gedenkfeiern anl\u00e4sslich des 80. Jahrestags der Befreiung vom Nationalsozialismus mit Aktiven der Initiative f\u00fcr einen Gedenkort ehemaliges KZ Uckermark e.V. und der Lagergemeinschaft des Frauen-Konzentrationslagers Ravensbr\u00fcck\/ Freundeskreis.<\/p>\n\n\n\n<p><a href=\"https:\/\/radiocorax.de\/wie-sieht-feministisches-gedenken-aus\/\"><strong>Zum Podcast.<\/strong><\/a><\/p>\n\n\n\n<hr class=\"wp-block-separator has-css-opacity\"\/>\n\n\n\n<h3 class=\"wp-block-heading\">Podcast\/ Textcollage \u201eStimmen des Gedenkens\u201c anl\u00e4sslich des 77. Jahrestages der Befreiung des Jugend-KZ und sp\u00e4teren Vernichtsungsortes Uckermark am 30. April 2022<\/h3>\n\n\n\n<p>Wir haben weit \u00fcber 100 Gruppen und Einzelpersonen drei Fragen gestellt: <br>Weshalb ist Gedenken an die nationalsozialistischen Verbrechen heute noch wichtig? Welche Themen sind dir\/euch als Antifaschist_innen heute besonders wichtig? Hat sich der gesellschaftliche Zusammenhang ver\u00e4ndert in den letzten Jahren?  <br>Dies sind einige R\u00fcckmeldungen dazu. Habt ganz herzlichen Dank daf\u00fcr!<\/p>\n\n\n\n<figure class=\"wp-block-audio\"><audio controls src=\"https:\/\/gedenkort-kz-uckermark.de\/wp-content\/uploads\/2022_Stimmen_des_Gedenkens.mp3\"><\/audio><figcaption class=\"wp-element-caption\">Stimmen des Gedenkens 2022  (Dauer ca. 60 min)<\/figcaption><\/figure>\n\n\n\n<p>Zusammengestellt von der Initiative f\u00fcr einen Gedenkort ehemaliges KZ Uckermark e.V. Mit \u00dcberlebenden und Angeh\u00f6rigen der KZ Ravensbr\u00fcck und Uckermark, der ehemaligen Initiative 9. Oktober Halle, dem Freundeskreis im Gedenken an die rassistischen Brandanschl\u00e4ge von M\u00f6lln 1992, der initiative kritisches gedenken Erlangen und anderen.<\/p>\n\n\n\n<p><strong>Musik<\/strong>:<\/p>\n\n\n\n<p><strong>Die Moorsoldaten<\/strong><br>Interpret*in: David Rovics, geschrieben 1933 von H\u00e4ftlingen des Konzentrationslagers B\u00f6rgermoor bei Papenburg im Emsland. <a rel=\"noreferrer noopener\" href=\"https:\/\/davidrovics.bandcamp.com\/track\/die-moorsoldaten\" target=\"_blank\">https:\/\/davidrovics.bandcamp.com\/track\/die-moorsoldaten<\/a>  <br><strong>3 Rote Pfiffe<\/strong><br>Interpret*innen: Svenja Storat, Gesang und Gitarre; Tanja Buttenborg, Gesang und Akkordeon \/\/ geschrieben von &#8220;Die Schmetterlinge&#8221; eine \u00f6sterreichische Folk-Politband aus den 1970ern\/80ern. Das Lied besingt die wahre Geschichte der Partisanin Helena Kuchar, Jelka genannt.  <br><strong>Am Grunde der Moldau<\/strong><br>Interpret*innen: Svenja Storat, Gesang und Gitarre; Tanja Buttenborg, Gesang und Akkordeon \/\/ geschrieben von Bertolt Brecht und Hanns Eisler.  <br><strong>Schtil, die Nacht is ojssgeschternt <\/strong><br>Interpret*innen: Christina Zurbr\u00fcgg und Martin Auer. Geschrieben vom Wilnaer Dichter und Partisan Hirsch Glik. Das Lied handelt von Vitka Kempner, die mit einer selbstgebauten Bombe einen Waffentransportzug der Wehrmacht zerst\u00f6rt hat. <a rel=\"noreferrer noopener\" href=\"https:\/\/martinauer.bandcamp.com\/track\/schtil-die-nacht-is-ojssgeschternt\" target=\"_blank\">https:\/\/martinauer.bandcamp.com\/track\/schtil-die-nacht-is-ojssgeschternt<\/a><\/p>\n\n\n\n<p><a href=\"https:\/\/gedenkort-kz-uckermark.de\/stimmen-des-gedenkens\/\" data-type=\"page\" data-id=\"3802\">Hier gibt es &#8220;Stimmen des Gedenkens&#8221; in Ton und Text<\/a> als Einzelbeitr\u00e4ge.<\/p>\n\n\n\n<hr class=\"wp-block-separator has-css-opacity\"\/>\n\n\n\n<h3 class=\"wp-block-heading\">Podcast anl\u00e4sslich des 75. Jahrestages der Befreiung des Jugend-KZ und sp\u00e4teren Vernichtsungsortes Uckermark<\/h3>\n\n\n\n<p>Ein Radiobeitrag von der Initiative f\u00fcr einen Gedenkort ehemaliges KZ Uckermark e.V. \u2013 gesendet am 18.04.2020 (Dauer ca. 70min)<\/p>\n\n\n\n<figure class=\"wp-block-audio\"><audio controls src=\"https:\/\/gedenkort-kz-uckermark.de\/wp-content\/uploads\/Podcast_75_Jahre_der_Befreiung_des_Jugend_KZ_und_spaeteren_Vernichtungsort_Uckermark.mp3\"><\/audio><figcaption class=\"wp-element-caption\">Radiobeitrag zum 75. Jahrestag der Befreiung<\/figcaption><\/figure>\n\n\n\n<hr class=\"wp-block-separator has-css-opacity\"\/>\n\n\n\n<h3 class=\"wp-block-heading\">Radiosendung: \u201eWhose Story \u2013 Kontinuit\u00e4ten des Nationalsozialismus\u201c<\/h3>\n\n\n\n<p>Ein Radiobeitrag von Margit Happerger (Wien) anl\u00e4sslich der Er\u00f6ffnung der Wanderaustellung \u00fcber das Jugendkonzentrationslager f\u00fcr M\u00e4dchen* und junge Frauen* und sp\u00e4tere Vernichtungslager Uckermark -gesendet am 11.10.2015 auf Radio FRO 105,0, das Freie Linzer Stadtradio. ( Dauer 62min)<\/p>\n\n\n\n<p>Informationen \u00fcber Inhalt und Absicht dieser Ausstellung und der begleitenden Veranstaltungen online zu h\u00f6ren: <a rel=\"noreferrer noopener\" href=\"http:\/\/cba.fro.at\/298526\" target=\"_blank\">Whose Story? \u00dcber Kontinuit\u00e4ten des Nazismus<\/a><\/p>\n\n\n\n<hr class=\"wp-block-separator has-css-opacity\"\/>\n\n\n\n<h3 class=\"wp-block-heading\">Radiosendung: \u201eLagerschrecken im Naturparadies\u201c<\/h3>\n\n\n\n<p>Ein Radiobeitrag von Gesine Leyk zur aktuellen Situation auf dem Gel\u00e4nde des ehemaligen Jugendkonzentrationslagers f\u00fcr M\u00e4dchen und junge Frauen und sp\u00e4teren Vernichtungslagers Uckermark.<\/p>\n\n\n\n<p>Gesine Leyk stellt Interviews mit \u00dcberlebenden und Aktivist_innen f\u00fcr einen Gedenkort ehemaliges KZ Uckermark zusammen und berichtet ausf\u00fchrlich und solidarisch \u00fcber aktuelle Entwicklungen und Diskussionen. gesendet im Deutschlandradio Kultur, L\u00e4nderreport, am 10.12.2012 ( Dauer 20min)<\/p>\n\n\n\n<figure class=\"wp-block-audio\"><audio controls src=\"https:\/\/gedenkort-kz-uckermark.de\/wp-content\/uploads\/drk_20121210.mp3\"><\/audio><figcaption class=\"wp-element-caption\">Sendung: Lagerschrecken im Naturparadies<\/figcaption><\/figure>\n\n\n\n<hr class=\"wp-block-separator has-css-opacity\"\/>\n\n\n\n<h3 class=\"wp-block-heading\">Radiosendung: Das M\u00e4dchen-KZ Uckermark. Wir wurden nicht gesch\u00fctzt (03.02.2012)<\/h3>\n\n\n\n<p>Moderation: Sabine Brandi \u2013 AutorIn: Monika Mengel \u00a9 WDR 2012. Ein ca.20 min\u00fctiger Radiobeitrag (\u201eNeugier gen\u00fcgt\u201c- Feature) des WDR<\/p>\n\n\n\n<figure class=\"wp-block-audio\"><audio controls src=\"https:\/\/gedenkort-kz-uckermark.de\/wp-content\/uploads\/wdr5_erlebte_geschichten_20120916_0730.mp3\"><\/audio><figcaption class=\"wp-element-caption\">Sendung: Das M\u00e4dchenkonzentationslager Uckermark \u2013 wir wurden nicht gesch\u00fctzt<\/figcaption><\/figure>\n\n\n\n<h5 class=\"wp-block-heading\">Initiative f\u00fcr einen Gedenkort ehemaliges KZ Uckermark: <strong>\u201e\u2026dass das heute noch immer so ist \u2013 Kontinuit\u00e4ten der Ausgrenzung\u201c<\/strong> DVD 2016, 60 Min.<\/h5>\n\n\n\n<p>Der Dokumentarfilm <strong>\u201e\u2026dass das heute noch immer so ist \u2013 Kontinuit\u00e4ten der Ausgrenzung\u201c<\/strong> schildert exemplarisch die Geschichte von Verfolgung und Stigmatisierung sogenannter Asozialer im Nationalsozialismus. Mehr Infos: -&gt; <a href=\"https:\/\/gedenkort-kz-uckermark.de\/kontinuitaeten\/klassismus-und-soziale-ausgrenzung-heute\/\">Kontinuit\u00e4ten: Ausgrenzung als &gt;Asozial&lt;<\/a><\/p>\n\n\n\n<hr class=\"wp-block-separator has-css-opacity\"\/>\n\n\n\n<h5 class=\"wp-block-heading\">Andrea Behrendt, FrauenLesbenTransgender Baucamp 2005 und Lagergemeinschaft Ravensbr\u00fcck, Freundeskreis e. V. : Das M\u00e4dchenkonzentrations- und sp\u00e4tere Vernichtungslager Uckermark, DVD<\/h5>\n\n\n\n<p>Vier Filme wollen dieses vergessene Lager, das eigens f\u00fcr M\u00e4dchen und junge Frauen errichtet wurde bekannter machen. Ein Haftgrund war die Stigmatisierung als \u201eAsoziale\u201c. Dieses Stigma wirkte auch nach Ende des Nationalsozialismus weiter\u2026 mehr Infos erh\u00e4ltlich bei der <a href=\"http:\/\/www.globale-medienwerkstatt.de\/das-jugend-kz-in-der-uckermark\/\">Globalen Medienwerkstatt<\/a> , Anfragen und Bezug: behrendt@globale-medienwerkstatt.de<\/p>\n\n\n\n<hr class=\"wp-block-separator has-css-opacity\"\/>\n\n\n\n<h5 class=\"wp-block-heading\"><strong>NEU<\/strong>: seit 2019 sind die einzelnen<strong> Videos online verf\u00fcgbar<\/strong> auf dem Youtube-Kanal von Andrea Behrendt:<\/h5>\n\n\n\n<p>Zwei Portraits von Zeitzeuginnen, die als sogenannte \u201eAsoziale\u201c vehaftet wurden:<strong><br>Anita K\u00f6cke<\/strong> ( 16min) und <strong>Ilse Heinrich<\/strong> (30min) beschreiben ihre Erfahrungen vor, w\u00e4hrend und nach ihrer Haftzeit: <\/p>\n\n\n\n<figure class=\"wp-block-embed is-type-rich is-provider-handler-einbetten wp-block-embed-handler-einbetten wp-embed-aspect-4-3 wp-has-aspect-ratio\"><div class=\"wp-block-embed__wrapper\">\n<iframe loading=\"lazy\" hcb-fetch-image-from=\"https:\/\/youtube.com\/watch?v=Uy5EjeS2-PQ\" title=\"Zeitzeugin Anita Koecke\" width=\"525\" height=\"394\" src=\"https:\/\/www.youtube.com\/embed\/Uy5EjeS2-PQ?feature=oembed\" frameborder=\"0\" allow=\"accelerometer; autoplay; clipboard-write; encrypted-media; gyroscope; picture-in-picture; web-share\" referrerpolicy=\"strict-origin-when-cross-origin\" allowfullscreen><\/iframe>\n<\/div><\/figure>\n\n\n\n<p><\/p>\n\n\n\n<hr class=\"wp-block-separator has-css-opacity\"\/>\n\n\n\n<h5 class=\"wp-block-heading\"><strong>\u201e.. dass so was nie wieder passiert..\u201c \u2013 Gedenkort Uckermark<\/strong> (32 min, 2006)<\/h5>\n\n\n\n<p>dokumentiert den 60. Jahrestag der Befreiung 2005, der erstmalig nach 60 Jahren an diesem Ort stattfand. Die j\u00e4hrlich stattfinden internationalen FrauenLesbenTransgender Baucamps wurden ebenfalls im Hinblick auf das Thema Gedenken dokumentiert: <\/p>\n\n\n\n<figure class=\"wp-block-embed is-type-video is-provider-youtube wp-block-embed-youtube wp-embed-aspect-4-3 wp-has-aspect-ratio\"><div class=\"wp-block-embed__wrapper\">\n<iframe loading=\"lazy\" hcb-fetch-image-from=\"https:\/\/www.youtube.com\/watch?v=rnsCT5enncA\" title=\"\u201e.. dass so was nie wieder passiert..\u201c \u2013 Gedenkort ehemaliges Jugendkonzentrationslager Uckermark\" width=\"525\" height=\"394\" src=\"https:\/\/www.youtube.com\/embed\/rnsCT5enncA?feature=oembed\" frameborder=\"0\" allow=\"accelerometer; autoplay; clipboard-write; encrypted-media; gyroscope; picture-in-picture; web-share\" referrerpolicy=\"strict-origin-when-cross-origin\" allowfullscreen><\/iframe>\n<\/div><figcaption class=\"wp-element-caption\">Dokumentation zum 60.Jahrestag der Befreiung<\/figcaption><\/figure>\n\n\n\n<hr class=\"wp-block-separator has-css-opacity\"\/>\n\n\n\n<h5 class=\"wp-block-heading\"><strong>\u201e.. das nannte man asozial\u2026\u201c- Das Jugendkonzentrationslager f\u00fcr M\u00e4dchen und junge Frauen Uckermark<\/strong> (17 min, 2006) <\/h5>\n\n\n\n<p>gibt mit Zeitzeugeninterviews und Aufnahmen des heutigen Gel\u00e4ndes eine Einf\u00fchrung dar\u00fcber, was das Konzentrationslager Uckermark war. <\/p>\n\n\n\n<figure class=\"wp-block-embed is-type-rich is-provider-handler-einbetten wp-block-embed-handler-einbetten wp-embed-aspect-4-3 wp-has-aspect-ratio\"><div class=\"wp-block-embed__wrapper\">\n<iframe loading=\"lazy\" hcb-fetch-image-from=\"https:\/\/youtube.com\/watch?v=ZJnVu3p9p44\" title=\"&quot;das nannte man asozial&quot; - Das Jugendkonzentrationslager f\u00fcr M\u00e4dchen und junge Frauen Uckermark\" width=\"525\" height=\"394\" src=\"https:\/\/www.youtube.com\/embed\/ZJnVu3p9p44?feature=oembed\" frameborder=\"0\" allow=\"accelerometer; autoplay; clipboard-write; encrypted-media; gyroscope; picture-in-picture; web-share\" referrerpolicy=\"strict-origin-when-cross-origin\" allowfullscreen><\/iframe>\n<\/div><\/figure>\n\n\n\n<hr class=\"wp-block-separator has-css-opacity\"\/>\n\n\n\n<h5 class=\"wp-block-heading\">\u201e<strong>Was hat Hamburg nur mit euch Frauen gemacht<\/strong>?\u201c <\/h5>\n\n\n\n<p>Staatliche F\u00fcrsorge und ihre Folgen von der Weimarer Republik bis in die Gegenwart, DVD \u2013 weitere Infos: <a href=\"https:\/\/gedenkort-kz-uckermark.de\/audios\/filme-und-podcasts\/was-hat-hamburg-nur-mit-euch-frauen-gemacht\/\">\u201eWas hat Hamburg nur mit euch Frauen gemacht\u201c<\/a><\/p>\n\n\n\n<hr class=\"wp-block-separator has-css-opacity\"\/>\n\n\n\n<h5 class=\"wp-block-heading\"> <strong>Zugang erw\u00fcnscht, Uckermark, die Entwicklung eines Gedenkorts<\/strong> <\/h5>\n\n\n\n<p>Wie findet heutzutage in Deutschland Gedenken statt? Ein Dokumentarfilm, der dieser Frage nachgeht&#8230; weitere Infos auf der<a rel=\"noreferrer noopener\" href=\"https:\/\/zugangerwuenscht.wordpress.com\/\" target=\"_blank\"> Website zum Film<\/a><\/p>\n\n\n\n<p><\/p>\n\n\n\n<p>Filmempfehlungen<br>zum Thema Uckermark, F\u00fcrsorge, Ravensbr\u00fcck, Vernichtungsort, Klassismus findet ihr <a href=\"https:\/\/gedenkort-kz-uckermark.de\/wp-content\/uploads\/Film_empfehlungen-1.pdf\" target=\"_blank\" rel=\"noreferrer noopener\">hier<\/a>:<\/p>\n\n\n\n<p><\/p>\n","protected":false},"excerpt":{"rendered":"<p>Filme und Podcasts Podcast bei Radio Corax (Halle): Wie sieht feministisches Gedenken aus? &#8220;An wen wird wie erinnert \u2013 und wo? Was kann feministisches Gedenken bedeuten?&#8221; Dar\u00fcber sprachen Menschen von Radio Corax aus Halle auf den Gedenkfeiern anl\u00e4sslich des 80. Jahrestags der Befreiung vom Nationalsozialismus mit Aktiven der Initiative f\u00fcr einen Gedenkort ehemaliges KZ Uckermark &hellip; <\/p>\n<p class=\"link-more\"><a href=\"https:\/\/gedenkort-kz-uckermark.de\/en\/material\/filme-und-podcasts\/\" class=\"more-link\">Continue reading<span class=\"screen-reader-text\"> &#8220;Filme und Podcasts&#8221;<\/span><\/a><\/p>\n","protected":false},"author":4,"featured_media":0,"parent":616,"menu_order":33,"comment_status":"closed","ping_status":"closed","template":"","meta":{"_uag_custom_page_level_css":"","footnotes":""},"class_list":["post-2519","page","type-page","status-publish","hentry"],"uagb_featured_image_src":{"full":false,"thumbnail":false,"medium":false,"medium_large":false,"large":false,"1536x1536":false,"2048x2048":false,"twentyseventeen-featured-image":false,"twentyseventeen-thumbnail-avatar":false},"uagb_author_info":{"display_name":"uiSofi","author_link":"https:\/\/gedenkort-kz-uckermark.de\/en\/author\/uisofi\/"},"uagb_comment_info":0,"uagb_excerpt":"Filme und Podcasts Podcast bei Radio Corax (Halle): Wie sieht feministisches Gedenken aus? &#8220;An wen wird wie erinnert \u2013 und wo? Was kann feministisches Gedenken bedeuten?&#8221; Dar\u00fcber sprachen Menschen von Radio Corax aus Halle auf den Gedenkfeiern anl\u00e4sslich des 80. Jahrestags der Befreiung vom Nationalsozialismus mit Aktiven der Initiative f\u00fcr einen Gedenkort ehemaliges KZ Uckermark&hellip;","_links":{"self":[{"href":"https:\/\/gedenkort-kz-uckermark.de\/en\/wp-json\/wp\/v2\/pages\/2519","targetHints":{"allow":["GET"]}}],"collection":[{"href":"https:\/\/gedenkort-kz-uckermark.de\/en\/wp-json\/wp\/v2\/pages"}],"about":[{"href":"https:\/\/gedenkort-kz-uckermark.de\/en\/wp-json\/wp\/v2\/types\/page"}],"author":[{"embeddable":true,"href":"https:\/\/gedenkort-kz-uckermark.de\/en\/wp-json\/wp\/v2\/users\/4"}],"replies":[{"embeddable":true,"href":"https:\/\/gedenkort-kz-uckermark.de\/en\/wp-json\/wp\/v2\/comments?post=2519"}],"version-history":[{"count":10,"href":"https:\/\/gedenkort-kz-uckermark.de\/en\/wp-json\/wp\/v2\/pages\/2519\/revisions"}],"predecessor-version":[{"id":4901,"href":"https:\/\/gedenkort-kz-uckermark.de\/en\/wp-json\/wp\/v2\/pages\/2519\/revisions\/4901"}],"up":[{"embeddable":true,"href":"https:\/\/gedenkort-kz-uckermark.de\/en\/wp-json\/wp\/v2\/pages\/616"}],"wp:attachment":[{"href":"https:\/\/gedenkort-kz-uckermark.de\/en\/wp-json\/wp\/v2\/media?parent=2519"}],"curies":[{"name":"wp","href":"https:\/\/api.w.org\/{rel}","templated":true}]}}