{"id":3651,"date":"2022-03-03T15:34:13","date_gmt":"2022-03-03T14:34:13","guid":{"rendered":"https:\/\/gedenkort-kz-uckermark.de\/?page_id=3651"},"modified":"2022-03-07T10:25:35","modified_gmt":"2022-03-07T09:25:35","slug":"audioguide_pl","status":"publish","type":"page","link":"https:\/\/gedenkort-kz-uckermark.de\/en\/memorial-site\/audioguide_pl\/","title":{"rendered":"Audioguide PL \/ Przewodnik audio"},"content":{"rendered":"\n<h2 class=\"wp-block-heading\">Audioguide PL \/ Przewodnik audio<\/h2>\n\n\n\n<div class=\"wp-block-image\"><figure class=\"alignright size-medium\"><img loading=\"lazy\" decoding=\"async\" width=\"300\" height=\"300\" src=\"https:\/\/gedenkort-kz-uckermark.de\/wp-content\/uploads\/Orientierungspunkt_1_Infobox_Radweg-mp3-image-300x300.jpg\" alt=\"Audio guide, orientation point 1 bike path\" class=\"wp-image-562\" srcset=\"https:\/\/gedenkort-kz-uckermark.de\/wp-content\/uploads\/Orientierungspunkt_1_Infobox_Radweg-mp3-image-300x300.jpg 300w, https:\/\/gedenkort-kz-uckermark.de\/wp-content\/uploads\/Orientierungspunkt_1_Infobox_Radweg-mp3-image-150x150.jpg 150w, https:\/\/gedenkort-kz-uckermark.de\/wp-content\/uploads\/Orientierungspunkt_1_Infobox_Radweg-mp3-image-768x768.jpg 768w, https:\/\/gedenkort-kz-uckermark.de\/wp-content\/uploads\/Orientierungspunkt_1_Infobox_Radweg-mp3-image.jpg 920w\" sizes=\"auto, (max-width: 300px) 100vw, 300px\" \/><\/figure><\/div>\n\n\n\n<p>Tutaj mo\u017cna znale\u017a\u0107 audioprzewodnik w j\u0119zyku polskim. W kr\u00f3tkich tekstach streszcza to, co wiemy o obozie, i pozwala m\u00f3wi\u0107 ocala\u0142ym. Audioprzewodnik zawiera sze\u015b\u0107 punkt\u00f3w orientacyjnych oznaczonych tablicami informacyjnymi na terenie obiektu.<\/p>\n\n\n\n<h4 class=\"wp-block-heading\">Punkt Orientacyjny 1<\/h4>\n\n\n\n<figure class=\"wp-block-audio\"><audio controls src=\"https:\/\/gedenkort-kz-uckermark.de\/wp-content\/uploads\/Punkt-orientacyjny-1.mp3\"><\/audio><figcaption>Punkt Orientacyjny 1<\/figcaption><\/figure>\n\n\n\n<h4 class=\"wp-block-heading\">Punkt Orientacyjny 2<\/h4>\n\n\n\n<figure class=\"wp-block-audio\"><audio controls src=\"https:\/\/gedenkort-kz-uckermark.de\/wp-content\/uploads\/Punkt-orientacyjny-2.mp3\"><\/audio><figcaption>Punkt Orientacyjny 2<\/figcaption><\/figure>\n\n\n\n<h4 class=\"wp-block-heading\">Punkt Orientacyjny 3<\/h4>\n\n\n\n<figure class=\"wp-block-audio\"><audio controls src=\"https:\/\/gedenkort-kz-uckermark.de\/wp-content\/uploads\/Punkt-orientacyjny-3.mp3\"><\/audio><figcaption>Punkt Orientacyjny 3<\/figcaption><\/figure>\n\n\n\n<h4 class=\"wp-block-heading\">Punkt Orientacyjny 4<\/h4>\n\n\n\n<figure class=\"wp-block-audio\"><audio controls src=\"https:\/\/gedenkort-kz-uckermark.de\/wp-content\/uploads\/Punkt-orientacyjny-4.mp3\"><\/audio><figcaption>Punkt Orientacyjny 4<\/figcaption><\/figure>\n\n\n\n<h4 class=\"wp-block-heading\">Punkt Orientacyjny 5<\/h4>\n\n\n\n<figure class=\"wp-block-audio\"><audio controls src=\"https:\/\/gedenkort-kz-uckermark.de\/wp-content\/uploads\/Punkt-orientacyjny-5.mp3\"><\/audio><figcaption>Punkt Orientacyjny 5<\/figcaption><\/figure>\n\n\n\n<h4 class=\"wp-block-heading\">Punkt Orientacyjny 6<\/h4>\n\n\n\n<figure class=\"wp-block-audio\"><audio controls src=\"https:\/\/gedenkort-kz-uckermark.de\/wp-content\/uploads\/Punkt-orientacyjny-6.mp3\"><\/audio><figcaption>Punkt Orientacyjny 6<\/figcaption><\/figure>\n\n\n\n<p><\/p>\n\n\n\n<p><\/p>\n","protected":false},"excerpt":{"rendered":"<p>Audioguide PL \/ Przewodnik audio Tutaj mo\u017cna znale\u017a\u0107 audioprzewodnik w j\u0119zyku polskim. W kr\u00f3tkich tekstach streszcza to, co wiemy o obozie, i pozwala m\u00f3wi\u0107 ocala\u0142ym. Audioprzewodnik zawiera sze\u015b\u0107 punkt\u00f3w orientacyjnych oznaczonych tablicami informacyjnymi na terenie obiektu. Punkt Orientacyjny 1 Punkt Orientacyjny 2 Punkt Orientacyjny 3 Punkt Orientacyjny 4 Punkt Orientacyjny 5 Punkt Orientacyjny 6<\/p>\n","protected":false},"author":1,"featured_media":0,"parent":638,"menu_order":19,"comment_status":"closed","ping_status":"closed","template":"","meta":{"_uag_custom_page_level_css":"","footnotes":""},"class_list":["post-3651","page","type-page","status-publish","hentry"],"uagb_featured_image_src":{"full":false,"thumbnail":false,"medium":false,"medium_large":false,"large":false,"1536x1536":false,"2048x2048":false,"twentyseventeen-featured-image":false,"twentyseventeen-thumbnail-avatar":false},"uagb_author_info":{"display_name":"KaHu","author_link":"https:\/\/gedenkort-kz-uckermark.de\/en\/author\/kahu\/"},"uagb_comment_info":0,"uagb_excerpt":"Audioguide PL \/ Przewodnik audio Tutaj mo\u017cna znale\u017a\u0107 audioprzewodnik w j\u0119zyku polskim. W kr\u00f3tkich tekstach streszcza to, co wiemy o obozie, i pozwala m\u00f3wi\u0107 ocala\u0142ym. Audioprzewodnik zawiera sze\u015b\u0107 punkt\u00f3w orientacyjnych oznaczonych tablicami informacyjnymi na terenie obiektu. Punkt Orientacyjny 1 Punkt Orientacyjny 2 Punkt Orientacyjny 3 Punkt Orientacyjny 4 Punkt Orientacyjny 5 Punkt Orientacyjny 6","_links":{"self":[{"href":"https:\/\/gedenkort-kz-uckermark.de\/en\/wp-json\/wp\/v2\/pages\/3651","targetHints":{"allow":["GET"]}}],"collection":[{"href":"https:\/\/gedenkort-kz-uckermark.de\/en\/wp-json\/wp\/v2\/pages"}],"about":[{"href":"https:\/\/gedenkort-kz-uckermark.de\/en\/wp-json\/wp\/v2\/types\/page"}],"author":[{"embeddable":true,"href":"https:\/\/gedenkort-kz-uckermark.de\/en\/wp-json\/wp\/v2\/users\/1"}],"replies":[{"embeddable":true,"href":"https:\/\/gedenkort-kz-uckermark.de\/en\/wp-json\/wp\/v2\/comments?post=3651"}],"version-history":[{"count":5,"href":"https:\/\/gedenkort-kz-uckermark.de\/en\/wp-json\/wp\/v2\/pages\/3651\/revisions"}],"predecessor-version":[{"id":3713,"href":"https:\/\/gedenkort-kz-uckermark.de\/en\/wp-json\/wp\/v2\/pages\/3651\/revisions\/3713"}],"up":[{"embeddable":true,"href":"https:\/\/gedenkort-kz-uckermark.de\/en\/wp-json\/wp\/v2\/pages\/638"}],"wp:attachment":[{"href":"https:\/\/gedenkort-kz-uckermark.de\/en\/wp-json\/wp\/v2\/media?parent=3651"}],"curies":[{"name":"wp","href":"https:\/\/api.w.org\/{rel}","templated":true}]}}