{"id":604,"date":"2021-11-19T08:43:51","date_gmt":"2021-11-19T07:43:51","guid":{"rendered":"https:\/\/ini.gedenkort-kz-uckermark.de\/contact\/"},"modified":"2021-12-27T14:59:52","modified_gmt":"2021-12-27T13:59:52","slug":"contact","status":"publish","type":"page","link":"https:\/\/gedenkort-kz-uckermark.de\/en\/about-us\/contact\/","title":{"rendered":"Contact"},"content":{"rendered":"\n<h2 class=\"wp-block-heading\">How to get in contact with us<\/h2>\n\n\n\n<p>Please feel free to send us any critiques of the site that you may have, or suggestions that you would like to make. We would like this website to be a place for people to announce any events or important dates that are directly linked to the Former Uckermark Youth Concentration Camp for Girls and Young Women and Later Extermination Site. If you have anything to add to the collection of materials and links cited here, please let us know (although we may need some time to get it up on the site).<\/p>\n\n\n\n<h5 class=\"wp-block-heading\">E-mail:<\/h5>\n\n\n\n<p>initiative [at] gedenkort-kz-uckermark [dot] de<\/p>\n\n\n\n<h5 class=\"wp-block-heading\">Mail:<\/h5>\n\n\n\n<p>Initiative f\u00fcr einen Gedenkort ehemaliges KZ Uckermark e.V.<br>c\/o Jos Fritz Buchladen*<br>Wilhelmstr. 15<br>79098 Freiburg<\/p>\n\n\n\n<p>* Please do not call in Jos Fritz Buchladen, but use e-Mail or Mail to contact us.<\/p>\n\n\n\n<h5 class=\"wp-block-heading\">We are in urgent need of financial support to be able to continue with our current projects. Please donate if you can, we would greatly appreciate any help you have to offer!<\/h5>\n\n\n\n<p>A receipt for your donation will be provided upon request. Here is our bank account information:<br>Initiative Gedenkort KZ Uckermark e.V.<br>DE61 4306 0967 7924 5544 00<br>GLS-Bank<\/p>\n\n\n\n<h3 class=\"wp-block-heading\">How to Get to the Uckermark Memorial:<\/h3>\n\n\n\n<p>Uckermark and Ravensbr\u00fcck are located about 90 km (56 miles) north of Berlin:<\/p>\n\n\n\n<p><strong>How to get there by train or by car:<\/strong> Take train or car to the town of F\u00fcrstenberg Havel. From the &#8220;Ravensbr\u00fccker Dorfstra\u00dfe,&#8221; follow the signs for the &#8220;Mahn- u. Gedenkst\u00e4tte Ravensbr\u00fcck.&#8221; After the &#8220;F\u00fcrstenberg&#8221; town sign, turn right on &#8220;Himmelpforter Landstra\u00dfe.&#8221; Continue along that road \u2013 you will be driving along the Ravensbr\u00fcck Memorial Site \u2013 until the beginning of the bike path to Himmelpfort. Follow the <strong>signs<\/strong> to the Uckermark Memorial [&#8220;<strong>Gedenkort Uckermark<\/strong>&#8220;], the site is located along the Ravensbr\u00fcck-Himmelpfort bike path.<\/p>\n\n\n\n<h3 class=\"wp-block-heading\">Accessibility<\/h3>\n\n\n\n<p>The memorial site is mostly accessible via paved paths and only partially wheelchair accessible. There are no toilets on the grounds. Near the memorial stone there is a small shelter where 10-15 people can shelter in case of rain.<\/p>\n","protected":false},"excerpt":{"rendered":"<p>How to get in contact with us Please feel free to send us any critiques of the site that you may have, or suggestions that you would like to make. We would like this website to be a place for people to announce any events or important dates that are directly linked to the Former &hellip; <\/p>\n<p class=\"link-more\"><a href=\"https:\/\/gedenkort-kz-uckermark.de\/en\/about-us\/contact\/\" class=\"more-link\">Continue reading<span class=\"screen-reader-text\"> &#8220;Contact&#8221;<\/span><\/a><\/p>\n","protected":false},"author":1,"featured_media":0,"parent":661,"menu_order":84,"comment_status":"closed","ping_status":"closed","template":"","meta":{"_uag_custom_page_level_css":"","footnotes":""},"class_list":["post-604","page","type-page","status-publish","hentry"],"uagb_featured_image_src":{"full":false,"thumbnail":false,"medium":false,"medium_large":false,"large":false,"1536x1536":false,"2048x2048":false,"twentyseventeen-featured-image":false,"twentyseventeen-thumbnail-avatar":false},"uagb_author_info":{"display_name":"KaHu","author_link":"https:\/\/gedenkort-kz-uckermark.de\/en\/author\/kahu\/"},"uagb_comment_info":0,"uagb_excerpt":"How to get in contact with us Please feel free to send us any critiques of the site that you may have, or suggestions that you would like to make. We would like this website to be a place for people to announce any events or important dates that are directly linked to the Former&hellip;","_links":{"self":[{"href":"https:\/\/gedenkort-kz-uckermark.de\/en\/wp-json\/wp\/v2\/pages\/604","targetHints":{"allow":["GET"]}}],"collection":[{"href":"https:\/\/gedenkort-kz-uckermark.de\/en\/wp-json\/wp\/v2\/pages"}],"about":[{"href":"https:\/\/gedenkort-kz-uckermark.de\/en\/wp-json\/wp\/v2\/types\/page"}],"author":[{"embeddable":true,"href":"https:\/\/gedenkort-kz-uckermark.de\/en\/wp-json\/wp\/v2\/users\/1"}],"replies":[{"embeddable":true,"href":"https:\/\/gedenkort-kz-uckermark.de\/en\/wp-json\/wp\/v2\/comments?post=604"}],"version-history":[{"count":4,"href":"https:\/\/gedenkort-kz-uckermark.de\/en\/wp-json\/wp\/v2\/pages\/604\/revisions"}],"predecessor-version":[{"id":2642,"href":"https:\/\/gedenkort-kz-uckermark.de\/en\/wp-json\/wp\/v2\/pages\/604\/revisions\/2642"}],"up":[{"embeddable":true,"href":"https:\/\/gedenkort-kz-uckermark.de\/en\/wp-json\/wp\/v2\/pages\/661"}],"wp:attachment":[{"href":"https:\/\/gedenkort-kz-uckermark.de\/en\/wp-json\/wp\/v2\/media?parent=604"}],"curies":[{"name":"wp","href":"https:\/\/api.w.org\/{rel}","templated":true}]}}