{"id":622,"date":"2021-11-19T08:43:56","date_gmt":"2021-11-19T07:43:56","guid":{"rendered":"https:\/\/ini.gedenkort-kz-uckermark.de\/material\/audio-guide\/"},"modified":"2022-03-07T10:17:16","modified_gmt":"2022-03-07T09:17:16","slug":"audio-guide","status":"publish","type":"page","link":"https:\/\/gedenkort-kz-uckermark.de\/en\/memorial-site\/audio-guide\/","title":{"rendered":"audio guide"},"content":{"rendered":"\n<h2 class=\"wp-block-heading\">An audio guide for your visit to the Uckermark Memorial Site by the Initiative for a Memorial at the Former Uckermark Youth Concentration Camp<\/h2>\n\n\n\n<h3 class=\"wp-block-heading\">Audioguide <\/h3>\n\n\n\n<p><strong><a href=\"https:\/\/gedenkort-kz-uckermark.de\/gedenkort\/audioguide-pl\/\" data-type=\"URL\" data-id=\"https:\/\/gedenkort-kz-uckermark.de\/gedenkort\/audioguide-pl\/\">Ten audioprzewodnik jest r\u00f3wnie\u017c dost\u0119pny w j\u0119zyku polskim.<\/a><\/strong><\/p>\n\n\n\n<div class=\"wp-block-image\"><figure class=\"alignright size-medium\"><img loading=\"lazy\" decoding=\"async\" width=\"300\" height=\"300\" src=\"https:\/\/gedenkort-kz-uckermark.de\/wp-content\/uploads\/Orientierungspunkt_1_Infobox_Radweg-mp3-image-300x300.jpg\" alt=\"Audio guide, orientation point 1 bike path\" class=\"wp-image-562\" srcset=\"https:\/\/gedenkort-kz-uckermark.de\/wp-content\/uploads\/Orientierungspunkt_1_Infobox_Radweg-mp3-image-300x300.jpg 300w, https:\/\/gedenkort-kz-uckermark.de\/wp-content\/uploads\/Orientierungspunkt_1_Infobox_Radweg-mp3-image-150x150.jpg 150w, https:\/\/gedenkort-kz-uckermark.de\/wp-content\/uploads\/Orientierungspunkt_1_Infobox_Radweg-mp3-image-768x768.jpg 768w, https:\/\/gedenkort-kz-uckermark.de\/wp-content\/uploads\/Orientierungspunkt_1_Infobox_Radweg-mp3-image.jpg 920w\" sizes=\"auto, (max-width: 300px) 100vw, 300px\" \/><figcaption>Orientation point 1 Infobox bike path<\/figcaption><\/figure><\/div>\n\n\n\n<p>For the 70th anniversary of the Liberation, activists from the Initiative for a Memorial at the Former Uckermark Youth Concentration Camp have put together an audio guide. It includes a summary of what is known about the camp so far and gives survivors the chance to speak.<br>As soon as there are new findings or the design of the memorial site is drastically changed, the audio guide will be revised.<br>The audioguide is also available in<a href=\"https:\/\/gedenkort-kz-uckermark.de\/gedenkort\/audioguide-pl\/\" data-type=\"URL\" data-id=\"https:\/\/gedenkort-kz-uckermark.de\/gedenkort\/audioguide-pl\/\"> Polish <\/a>and in <a href=\"https:\/\/gedenkort-kz-uckermark.de\/audios\/audioguide\/\">German <\/a> language. The audioguide includes six points of orientation that are marked by informational sign posts at the site.<\/p>\n\n\n\n<p><\/p>\n\n\n\n<h4 class=\"wp-block-heading\">Station 1:<strong> Introduction (Information Box at the Bike path<\/strong>)<\/h4>\n\n\n\n<figure class=\"wp-block-audio\"><audio controls src=\"https:\/\/gedenkort-kz-uckermark.de\/wp-content\/uploads\/station-1.mp3\"><\/audio><figcaption>Station 1: Information Box \/ Bike path<\/figcaption><\/figure>\n\n\n\n<h4 class=\"wp-block-heading\">Station 2: <strong>Admissions Procedure<\/strong><\/h4>\n\n\n\n<figure class=\"wp-block-audio\"><audio controls src=\"https:\/\/gedenkort-kz-uckermark.de\/wp-content\/uploads\/station-2.mp3\"><\/audio><figcaption>Station 2: Admissions Procedure<\/figcaption><\/figure>\n\n\n\n<h4 class=\"wp-block-heading\">Station 3:  <strong>Entrance to the Havel path<\/strong><\/h4>\n\n\n\n<figure class=\"wp-block-audio\"><audio controls src=\"https:\/\/gedenkort-kz-uckermark.de\/wp-content\/uploads\/station-3.mp3\"><\/audio><figcaption>Station 3: Havel path<\/figcaption><\/figure>\n\n\n\n<h4 class=\"wp-block-heading\">Station 4:  <strong>Hospital Ward<\/strong><\/h4>\n\n\n\n<figure class=\"wp-block-audio\"><audio controls src=\"https:\/\/gedenkort-kz-uckermark.de\/wp-content\/uploads\/station-4.mp3\"><\/audio><figcaption>Station 4: Hospital Ward<\/figcaption><\/figure>\n\n\n\n<h4 class=\"wp-block-heading\">Station 5: <strong> Extermination Site<\/strong><\/h4>\n\n\n\n<figure class=\"wp-block-audio\"><audio controls src=\"https:\/\/gedenkort-kz-uckermark.de\/wp-content\/uploads\/station-5.mp3\"><\/audio><figcaption>Station 5: Extermination Site<\/figcaption><\/figure>\n\n\n\n<h4 class=\"wp-block-heading\">Station 6: <strong>Memorial Stone <\/strong><\/h4>\n\n\n\n<figure class=\"wp-block-audio\"><audio controls src=\"https:\/\/gedenkort-kz-uckermark.de\/wp-content\/uploads\/station-6.mp3\"><\/audio><figcaption>Station 6: Memorial Stone<\/figcaption><\/figure>\n\n\n\n<p><\/p>\n","protected":false},"excerpt":{"rendered":"<p>An audio guide for your visit to the Uckermark Memorial Site by the Initiative for a Memorial at the Former Uckermark Youth Concentration Camp Audioguide Ten audioprzewodnik jest r\u00f3wnie\u017c dost\u0119pny w j\u0119zyku polskim. For the 70th anniversary of the Liberation, activists from the Initiative for a Memorial at the Former Uckermark Youth Concentration Camp have &hellip; <\/p>\n<p class=\"link-more\"><a href=\"https:\/\/gedenkort-kz-uckermark.de\/en\/memorial-site\/audio-guide\/\" class=\"more-link\">Continue reading<span class=\"screen-reader-text\"> &#8220;audio guide&#8221;<\/span><\/a><\/p>\n","protected":false},"author":1,"featured_media":0,"parent":638,"menu_order":21,"comment_status":"closed","ping_status":"closed","template":"","meta":{"_uag_custom_page_level_css":"","footnotes":""},"class_list":["post-622","page","type-page","status-publish","hentry"],"uagb_featured_image_src":{"full":false,"thumbnail":false,"medium":false,"medium_large":false,"large":false,"1536x1536":false,"2048x2048":false,"twentyseventeen-featured-image":false,"twentyseventeen-thumbnail-avatar":false},"uagb_author_info":{"display_name":"KaHu","author_link":"https:\/\/gedenkort-kz-uckermark.de\/en\/author\/kahu\/"},"uagb_comment_info":0,"uagb_excerpt":"An audio guide for your visit to the Uckermark Memorial Site by the Initiative for a Memorial at the Former Uckermark Youth Concentration Camp Audioguide Ten audioprzewodnik jest r\u00f3wnie\u017c dost\u0119pny w j\u0119zyku polskim. For the 70th anniversary of the Liberation, activists from the Initiative for a Memorial at the Former Uckermark Youth Concentration Camp have&hellip;","_links":{"self":[{"href":"https:\/\/gedenkort-kz-uckermark.de\/en\/wp-json\/wp\/v2\/pages\/622","targetHints":{"allow":["GET"]}}],"collection":[{"href":"https:\/\/gedenkort-kz-uckermark.de\/en\/wp-json\/wp\/v2\/pages"}],"about":[{"href":"https:\/\/gedenkort-kz-uckermark.de\/en\/wp-json\/wp\/v2\/types\/page"}],"author":[{"embeddable":true,"href":"https:\/\/gedenkort-kz-uckermark.de\/en\/wp-json\/wp\/v2\/users\/1"}],"replies":[{"embeddable":true,"href":"https:\/\/gedenkort-kz-uckermark.de\/en\/wp-json\/wp\/v2\/comments?post=622"}],"version-history":[{"count":9,"href":"https:\/\/gedenkort-kz-uckermark.de\/en\/wp-json\/wp\/v2\/pages\/622\/revisions"}],"predecessor-version":[{"id":3709,"href":"https:\/\/gedenkort-kz-uckermark.de\/en\/wp-json\/wp\/v2\/pages\/622\/revisions\/3709"}],"up":[{"embeddable":true,"href":"https:\/\/gedenkort-kz-uckermark.de\/en\/wp-json\/wp\/v2\/pages\/638"}],"wp:attachment":[{"href":"https:\/\/gedenkort-kz-uckermark.de\/en\/wp-json\/wp\/v2\/media?parent=622"}],"curies":[{"name":"wp","href":"https:\/\/api.w.org\/{rel}","templated":true}]}}