{"id":691,"date":"2021-11-19T08:44:07","date_gmt":"2021-11-19T07:44:07","guid":{"rendered":"https:\/\/ini.gedenkort-kz-uckermark.de\/left\/"},"modified":"2022-01-10T17:42:28","modified_gmt":"2022-01-10T16:42:28","slug":"left","status":"publish","type":"page","link":"https:\/\/gedenkort-kz-uckermark.de\/en\/left\/","title":{"rendered":"Links"},"content":{"rendered":"\n<h2 class=\"wp-block-heading\">Links to related websites<\/h2>\n\n\n\n<h2 class=\"wp-block-heading\">Institutions<\/h2>\n\n\n\n<h3 class=\"wp-block-heading\">Lagergemeinschaft (Camp community)  Ravensbr\u00fcck \/ Freundeskreis e. V.<\/h3>\n\n\n\n<p>Survivors of former prisoners from the women&#8217;s concentration camps in Moringen, Lichtenburg and Ravensbr\u00fcck, relatives of former prisoners and a committed group of friends founded the non-party association as part of their annual meeting in Stuttgart in August 1993. With its founding, the former Ravensbr\u00fcck camp community (union of former prisoners from East and West since the fall of the Wall) has opened up to a younger generation who want to do everything to preserve the legacy of the victims of the women&#8217;s concentration camps, using the former women&#8217;s concentration camps as memorials and to work in these institutions.<\/p>\n\n\n\n<p><a href=\"http:\/\/www.lg-ravensbrueck.de\" target=\"_blank\" rel=\"noreferrer noopener\">www.lg-ravensbrueck.de<\/a><\/p>\n\n\n\n<h3 class=\"wp-block-heading\">Ravensbr\u00fcck memorial site<\/h3>\n\n\n\n<p>Although the actual concentration camp site was used by the Soviet army after the war, the first commemorative events took place in Ravensbr\u00fcck soon after 1945. In 1959 the National Ravensbr\u00fcck Memorial was founded. The Ravensbr\u00fcck memorial and memorial has been part of the newly established Brandenburg Memorials Foundation since 1993.<\/p>\n\n\n\n<p><a href=\"https:\/\/www.ravensbrueck-sbg.de\/\" target=\"_blank\" rel=\"noreferrer noopener\">www.ravensbrueck-sbg.de<\/a><\/p>\n\n\n\n<h3 class=\"wp-block-heading\">Austrians in the Ravensbr\u00fcck concentration camp<\/h3>\n\n\n\n<p>Life story &#8211; topics &#8211; research &#8230;<\/p>\n\n\n\n<p>Results from research, research and discussions, carried out as part of scientific work at the Institute for Conflict Research in cooperation with the Austrian camp community Ravensbr\u00fcck and friends.<br>The extensive material is published with the aim of keeping the memory of the women of Ravensbr\u00fcck alive and making their story known. Among those portrayed are former prisoners of the Uckermark concentration camp.<br>The website can be used in school lessons.<\/p>\n\n\n\n<p><a href=\"http:\/\/www.ravensbrueckerinnen.at\/\" target=\"_blank\" rel=\"noreferrer noopener\">www.ravensbrueckerinnen.at\/<\/a><\/p>\n\n\n\n<h3 class=\"wp-block-heading\">Concentration camp memorial in the Moringen gatehouse<\/h3>\n\n\n\n<p>Between 1933 and 1945 there were three concentration camps in Moringen &#8211; in the center of the village: the men\u2019s concentration camp (1933), the women\u2019s concentration camp (1933-1938) and the youth concentration camp (1940-1945). In the eighties, citizens from Moringen and the surrounding area began to deal intensively with the previously suppressed history of the three Moringen concentration camps. The association &#8220;Lagergemeinschaft und Gedenkst\u00e4tte KZ Moringen eV&#8221; was founded in 1989 from the group of citizens who worked with great commitment to come to terms with the history of the Moringen camps. He is also the sponsor of the concentration camp memorial in the gatehouse founded in 1993.<\/p>\n\n\n\n<p><a href=\"http:\/\/www.gedenkstaette-moringen.de\" target=\"_blank\" rel=\"noreferrer noopener\">www.gedenkstaette-moringen.de<\/a><\/p>\n\n\n\n<h3 class=\"wp-block-heading\">Online Memorial Forum<\/h3>\n\n\n\n<p>The online memorial forum was designed by the Topography of Terror Foundation to network memorial sites in Germany and is intended to serve as an interactive entry and communication platform for the memorial area. With the participation of all interested parties, the online memorial forum is to become a hub for &#8211; unfortunately only &#8211; the German memorial landscape. The extensive website offers a calendar of events, a list of publications, the text archive of the <em>memorial circular<\/em> , an overview of projects and research, a newsgroup and more.<\/p>\n\n\n\n<p><a href=\"http:\/\/www.gedenkstaettenforum.de\" target=\"_blank\" rel=\"noreferrer noopener\">www.gedenkstaettenforum.de<\/a><\/p>\n\n\n\n<h3 class=\"wp-block-heading\">Working group of NS memorials in North Rhine-Westphalia eV<\/h3>\n\n\n\n<p>On the pages of the working group you can find detailed information on memorials in North Rhine-Westphalia as well as event information. In addition, a cross-regional, topic-related collection of links was put together.<\/p>\n\n\n\n<p><a href=\"http:\/\/www.ns-gedenkstaetten.de\/nrw\" target=\"_blank\" rel=\"noreferrer noopener\">www.ns-gedenkstaetten.de\/nrw<\/a><\/p>\n\n\n\n<h2 class=\"wp-block-heading\">Internet offers on the Uckermark concentration camp<\/h2>\n\n\n\n<h3 class=\"wp-block-heading\">Martin Guse&#8217;s homepage on the youth concentration camps in Moringen and Uckermark<\/h3>\n\n\n\n<p>Martin Guse already dealt with the topic of youth concentration camps in his master&#8217;s thesis and created the first exhibition on the topic &#8220;We hadn&#8217;t even started to live&#8221;. In addition to information about his exhibition and a well-stocked collection of links, his website also offers a broad historical presentation, especially of the Moringen concentration camp. However, he also dedicates part of his extensive presentation to the Ravensbr\u00fcck and Uckermark concentration camps.<\/p>\n\n\n\n<p><a href=\"http:\/\/www.martinguse.de\/jugend-kz\/uckeinfuerung.htm\" target=\"_blank\" rel=\"noreferrer noopener\">www.martinguse.de\/jugend-kz\/uckeinfuerung.htm<\/a><\/p>\n\n\n\n<h2 class=\"wp-block-heading\">Internet offers related to the topic<\/h2>\n\n\n\n<p>(The links compiled here are the result of preliminary research on the subject of the Uckermark concentration camp, ie they only offer a selective selection from the wide range of online information available on the subject of the Nazi era and persecution. They cannot claim to be exhaustive)<\/p>\n\n\n\n<h3 class=\"wp-block-heading\">Online exhibition &#8220;du bist anders?&#8221;<\/h3>\n\n\n\n<p>The website &#8220;www.dubistanders.de&#8221; is an online exhibition about young people from all over Europe who were excluded and persecuted as &#8220;different&#8221; during the Nazi era. It portrays 15 to 21-year-olds who, like today&#8217;s youngsters, had desires, fears, dreams and beliefs. They wrote diaries or poems, made music or played football.<\/p>\n\n\n\n<p>Some of the youngsters are prominent, like Sophie Scholl, but most of them are unknown. They were persecuted for a variety of reasons. The exhibition recalls the life stories of young Jewish people, Sinti, persecuted as &#8220;asocial&#8221;, homosexuals, politically dissenters and resistanceists, people with disabilities, Jehovah&#8217;s Witnesses, prisoners of war, children during the Leningrad hunger blockade and victims of the armed forces justice. All 30 actors in the exhibition so far have in common that they tried to assert themselves in an inhumane system.<\/p>\n\n\n\n<p><a href=\"http:\/\/www.dubistanders.de\" target=\"_blank\" rel=\"noreferrer noopener\">www.dubistanders.de<\/a><\/p>\n\n\n\n<h3 class=\"wp-block-heading\">B\u00e4rbel Schindler-Saefkow: Siemens &amp; Halske in the Ravensbr\u00fcck women&#8217;s concentration camp<\/h3>\n\n\n\n<p>Article published on the website of the Rosa Luxemburg Foundation on the Siemens production facilities in Ravensbr\u00fcck, in which female forced laborers from the Uckermark concentration camp were also used.<\/p>\n\n\n\n<p><a rel=\"noreferrer noopener\" href=\"https:\/\/www.rosalux.de\/publikation\/id\/3266\" target=\"_blank\">www.rosalux.de\/publikation\/id\/3266<\/a><\/p>\n\n\n\n<h3 class=\"wp-block-heading\">Debra Mandel: Holocaust Bibliography<\/h3>\n\n\n\n<p>With materials from the Northeastern University Libraries Archives &amp; Special Collections <\/p>\n\n\n\n<p><a rel=\"noreferrer noopener\" href=\"https:\/\/holocaustawarenessarchives.northeastern.edu\/\" target=\"_blank\">Holocaust Awareness Comitee Archives<\/a><\/p>\n\n\n\n<h3 class=\"wp-block-heading\">FrauenLesbenGruppe Hamburg: Compensation for all forced laborers in the Siemens group 1939-45<\/h3>\n\n\n\n<p>Article from <em>Interim 431<\/em> on the issue of compensation for forced laborers, which mainly deals with the Ravensbr\u00fcck concentration camp.<\/p>\n\n\n\n<p><a href=\"http:\/\/www.nadir.org\/nadir\/periodika\/interim\/heft\/heft431\/seite26.html\" target=\"_blank\" rel=\"noreferrer noopener\">www.nadir.org\/nadir\/periodika\/interim\/heft\/heft431\/seite26.html<\/a><\/p>\n\n\n\n<h3 class=\"wp-block-heading\">Francis Hunger: Siemens and forced labor in Ravensbr\u00fcck<\/h3>\n\n\n\n<p>Chronology of forced labor at Siemens, (part of the website http:\/\/ravensbrueck.irmielin.org with the title &#8220;Fragments about my grandmother Ilse Hunger&#8221;<\/p>\n\n\n\n<p><a href=\"http:\/\/ravensbrueck.irmielin.org\/1\/siemens.htm\" target=\"_blank\" rel=\"noreferrer noopener\">http:\/\/ravensbrueck.irmielin.org\/1\/siemens.htm<\/a><\/p>\n","protected":false},"excerpt":{"rendered":"<p>Links to related websites Institutions Lagergemeinschaft (Camp community) Ravensbr\u00fcck \/ Freundeskreis e. V. Survivors of former prisoners from the women&#8217;s concentration camps in Moringen, Lichtenburg and Ravensbr\u00fcck, relatives of former prisoners and a committed group of friends founded the non-party association as part of their annual meeting in Stuttgart in August 1993. With its founding, &hellip; <\/p>\n<p class=\"link-more\"><a href=\"https:\/\/gedenkort-kz-uckermark.de\/en\/left\/\" class=\"more-link\">Continue reading<span class=\"screen-reader-text\"> &#8220;Links&#8221;<\/span><\/a><\/p>\n","protected":false},"author":1,"featured_media":0,"parent":0,"menu_order":89,"comment_status":"closed","ping_status":"closed","template":"","meta":{"_uag_custom_page_level_css":"","footnotes":""},"class_list":["post-691","page","type-page","status-publish","hentry"],"uagb_featured_image_src":{"full":false,"thumbnail":false,"medium":false,"medium_large":false,"large":false,"1536x1536":false,"2048x2048":false,"twentyseventeen-featured-image":false,"twentyseventeen-thumbnail-avatar":false},"uagb_author_info":{"display_name":"KaHu","author_link":"https:\/\/gedenkort-kz-uckermark.de\/en\/author\/kahu\/"},"uagb_comment_info":0,"uagb_excerpt":"Links to related websites Institutions Lagergemeinschaft (Camp community) Ravensbr\u00fcck \/ Freundeskreis e. V. Survivors of former prisoners from the women&#8217;s concentration camps in Moringen, Lichtenburg and Ravensbr\u00fcck, relatives of former prisoners and a committed group of friends founded the non-party association as part of their annual meeting in Stuttgart in August 1993. With its founding,&hellip;","_links":{"self":[{"href":"https:\/\/gedenkort-kz-uckermark.de\/en\/wp-json\/wp\/v2\/pages\/691","targetHints":{"allow":["GET"]}}],"collection":[{"href":"https:\/\/gedenkort-kz-uckermark.de\/en\/wp-json\/wp\/v2\/pages"}],"about":[{"href":"https:\/\/gedenkort-kz-uckermark.de\/en\/wp-json\/wp\/v2\/types\/page"}],"author":[{"embeddable":true,"href":"https:\/\/gedenkort-kz-uckermark.de\/en\/wp-json\/wp\/v2\/users\/1"}],"replies":[{"embeddable":true,"href":"https:\/\/gedenkort-kz-uckermark.de\/en\/wp-json\/wp\/v2\/comments?post=691"}],"version-history":[{"count":10,"href":"https:\/\/gedenkort-kz-uckermark.de\/en\/wp-json\/wp\/v2\/pages\/691\/revisions"}],"predecessor-version":[{"id":3079,"href":"https:\/\/gedenkort-kz-uckermark.de\/en\/wp-json\/wp\/v2\/pages\/691\/revisions\/3079"}],"wp:attachment":[{"href":"https:\/\/gedenkort-kz-uckermark.de\/en\/wp-json\/wp\/v2\/media?parent=691"}],"curies":[{"name":"wp","href":"https:\/\/api.w.org\/{rel}","templated":true}]}}